{"id":12,"date":"2024-04-03T16:00:01","date_gmt":"2024-04-03T20:00:01","guid":{"rendered":"https:\/\/smartgispy.com\/wp\/?page_id=12"},"modified":"2024-04-03T16:45:51","modified_gmt":"2024-04-03T20:45:51","slug":"hola","status":"publish","type":"page","link":"https:\/\/smartgispy.com\/","title":{"rendered":"SMARTGISPY"},"content":{"rendered":"\n<p class=\"has-large-font-size\"><strong>Introducci\u00f3n<\/strong><\/p>\n\n\n\n<p><strong>\u00bfPor qu\u00e9 el An\u00e1lisis Espacial en la Empresa?<\/strong><\/p>\n\n\n\n<ul class=\"wp-block-list\">\n<li>Mediante su ubicaci\u00f3n y mapas, es m\u00e1s f\u00e1cil <em>entender <\/em>la informaci\u00f3n.<\/li>\n\n\n\n<li><em>D\u00f3nde <\/em>es tan importante como qu\u00e9 y cu\u00e1nto.<\/li>\n\n\n\n<li>85 % de los datos utilizados en comercio, industria y gobierno es informaci\u00f3n <em>geoespacial.<\/em><\/li>\n<\/ul>\n\n\n\n<p class=\"has-text-align-center has-medium-font-size\"><strong><em><mark style=\"background-color:#ffffff\" class=\"has-inline-color has-luminous-vivid-amber-color\">\u201cTodo lo que existe o sucede tiene \u00a1Ubicaci\u00f3n!\u201d<\/mark><\/em><\/strong><\/p>\n\n\n\n<p class=\"has-large-font-size\"><strong>Conceptos:<\/strong><\/p>\n\n\n\n<p><strong>Dato Geoespacial:<\/strong> Es toda Informaci\u00f3n que pueda ser relacionada a una posici\u00f3n geogr\u00e1fica o arbitraria<\/p>\n\n\n\n<p><strong>Sistema de Informaci\u00f3n Geogr\u00e1fica Herramienta GIS:<\/strong> Un Sistema Inform\u00e1tico donde se interrelacionan datos Geogr\u00e1ficos (mapas) y bases de Datos Textuales en un solo ambiente de Trabajo.<\/p>\n\n\n\n<p><strong>GIS como Sistema de Informaci\u00f3n Georeferenciado:<\/strong> Son los Sistemas en los cuales se integran Mapas, Bases de Datos, Herramientas SIG y otras; y que mediante una metodolog\u00eda de control y actualizaci\u00f3n conforman un solo sistema integrado. Esto es conocido tambi\u00e9n como Proyecto SIG.<\/p>\n\n\n\n<p><strong>Bases de datos Espaciales:<\/strong> Una base de datos geogr\u00e1fica o espacial es una base de datos con extensiones que dan soporte de objetos geogr\u00e1ficos permitiendo el almacenamiento, indexaci\u00f3n, consulta y manipulaci\u00f3n de informaci\u00f3n geogr\u00e1fica y datos espaciales.<\/p>\n\n\n\n<figure class=\"wp-block-gallery has-nested-images columns-default is-cropped wp-block-gallery-1 is-layout-flex wp-block-gallery-is-layout-flex\">\n<figure class=\"wp-block-image size-large\"><img loading=\"lazy\" decoding=\"async\" width=\"424\" height=\"419\" data-id=\"15\" src=\"https:\/\/smartgispy.com\/wp-content\/uploads\/2024\/04\/image.png\" alt=\"\" class=\"wp-image-15\"\/><\/figure>\n\n\n\n<figure class=\"wp-block-image size-large\"><img loading=\"lazy\" decoding=\"async\" width=\"427\" height=\"309\" data-id=\"16\" src=\"https:\/\/smartgispy.com\/wp-content\/uploads\/2024\/04\/image-1.png\" alt=\"\" class=\"wp-image-16\"\/><\/figure>\n\n\n\n<figure class=\"wp-block-image size-large\"><img loading=\"lazy\" decoding=\"async\" width=\"886\" height=\"630\" data-id=\"18\" src=\"https:\/\/smartgispy.com\/wp-content\/uploads\/2024\/04\/image-2.png\" alt=\"\" class=\"wp-image-18\"\/><\/figure>\n<\/figure>\n","protected":false},"excerpt":{"rendered":"<p>Introducci\u00f3n \u00bfPor qu\u00e9 el An\u00e1lisis Espacial en la Empresa? \u201cTodo lo que existe o sucede tiene \u00a1Ubicaci\u00f3n!\u201d Conceptos: Dato Geoespacial: Es toda Informaci\u00f3n que pueda ser relacionada a una posici\u00f3n geogr\u00e1fica o arbitraria Sistema de Informaci\u00f3n Geogr\u00e1fica Herramienta GIS: Un Sistema Inform\u00e1tico donde se interrelacionan datos Geogr\u00e1ficos (mapas) y bases de Datos Textuales en un [&hellip;]<\/p>\n","protected":false},"author":1,"featured_media":0,"parent":0,"menu_order":0,"comment_status":"closed","ping_status":"closed","template":"","meta":{"footnotes":""},"class_list":["post-12","page","type-page","status-publish","hentry"],"_links":{"self":[{"href":"https:\/\/smartgispy.com\/index.php?rest_route=\/wp\/v2\/pages\/12","targetHints":{"allow":["GET"]}}],"collection":[{"href":"https:\/\/smartgispy.com\/index.php?rest_route=\/wp\/v2\/pages"}],"about":[{"href":"https:\/\/smartgispy.com\/index.php?rest_route=\/wp\/v2\/types\/page"}],"author":[{"embeddable":true,"href":"https:\/\/smartgispy.com\/index.php?rest_route=\/wp\/v2\/users\/1"}],"replies":[{"embeddable":true,"href":"https:\/\/smartgispy.com\/index.php?rest_route=%2Fwp%2Fv2%2Fcomments&post=12"}],"version-history":[{"count":6,"href":"https:\/\/smartgispy.com\/index.php?rest_route=\/wp\/v2\/pages\/12\/revisions"}],"predecessor-version":[{"id":36,"href":"https:\/\/smartgispy.com\/index.php?rest_route=\/wp\/v2\/pages\/12\/revisions\/36"}],"wp:attachment":[{"href":"https:\/\/smartgispy.com\/index.php?rest_route=%2Fwp%2Fv2%2Fmedia&parent=12"}],"curies":[{"name":"wp","href":"https:\/\/api.w.org\/{rel}","templated":true}]}}